{"id":257,"date":"2025-01-06T21:31:06","date_gmt":"2025-01-06T21:31:06","guid":{"rendered":"https:\/\/drfenix.com.co\/?post_type=product&#038;p=257"},"modified":"2025-02-08T17:39:33","modified_gmt":"2025-02-08T17:39:33","slug":"kit-homeopatico-detox","status":"publish","type":"product","link":"https:\/\/drfenix.co\/index.php\/producto\/kit-homeopatico-detox\/","title":{"rendered":"KIT HOMEOPATICO DETOX"},"content":{"rendered":"<p><img fetchpriority=\"high\" decoding=\"async\" class=\" wp-image-526 aligncenter\" src=\"https:\/\/drfenix.com.co\/wp-content\/uploads\/2025\/01\/Green-Detox-Drink-Sale-Instagram-Post-1-2-300x300.png\" alt=\"\" width=\"545\" height=\"545\" srcset=\"https:\/\/drfenix.co\/wp-content\/uploads\/2025\/01\/Green-Detox-Drink-Sale-Instagram-Post-1-2-300x300.png 300w, https:\/\/drfenix.co\/wp-content\/uploads\/2025\/01\/Green-Detox-Drink-Sale-Instagram-Post-1-2-1024x1024.png 1024w, https:\/\/drfenix.co\/wp-content\/uploads\/2025\/01\/Green-Detox-Drink-Sale-Instagram-Post-1-2-150x150.png 150w, https:\/\/drfenix.co\/wp-content\/uploads\/2025\/01\/Green-Detox-Drink-Sale-Instagram-Post-1-2-768x768.png 768w, https:\/\/drfenix.co\/wp-content\/uploads\/2025\/01\/Green-Detox-Drink-Sale-Instagram-Post-1-2-600x600.png 600w, https:\/\/drfenix.co\/wp-content\/uploads\/2025\/01\/Green-Detox-Drink-Sale-Instagram-Post-1-2-100x100.png 100w, https:\/\/drfenix.co\/wp-content\/uploads\/2025\/01\/Green-Detox-Drink-Sale-Instagram-Post-1-2.png 1080w\" sizes=\"(max-width: 545px) 100vw, 545px\" \/><\/p>\n<p><!-- Contenedor principal para la promoci\u00f3n --><\/p>\n<div style=\"background-color: #f3f7f0; padding: 20px; font-family: Arial, sans-serif; max-width: 1000px; margin: auto; border-radius: 10px; border: 2px solid #388e3c; text-align: center;\">\n<p><!-- Imagen del producto (ahora aparece primero) --><\/p>\n<div style=\"width: 100%; text-align: center; margin-bottom: 20px;\"><img decoding=\"async\" id=\"promoImage\" style=\"width: 100%; max-width: 500px; border-radius: 10px;\" src=\"https:\/\/drfenix.com.co\/wp-content\/uploads\/2025\/01\/Green-Natural-Hello-Spring-Season-Instagram-Post-5.png\" alt=\"KIT HOMEOP\u00c1TICO DETOX Promoci\u00f3n\" \/><\/div>\n<p><!-- Texto promocional --><\/p>\n<div style=\"text-align: center; padding: 10px;\">\n<h2 style=\"color: #388e3c; font-size: 30px; font-weight: bold;\">\u00a1Purifica tu cuerpo con el KIT DETOX!<\/h2>\n<p style=\"font-size: 18px; color: #388e3c; font-weight: bold;\">Desintoxica tu organismo con nuestro <strong>KIT HOMEOP\u00c1TICO DETOX<\/strong>, compuesto por 3 goteros y una botella reutilizable, ideal para tu bienestar diario.<\/p>\n<p style=\"font-size: 18px; color: #388e3c;\">Aprovecha esta promoci\u00f3n especial y da el primer paso hacia un estilo de vida m\u00e1s saludable. Elimina toxinas y siente la diferencia en tu energ\u00eda y vitalidad.<\/p>\n<\/div>\n<p><!-- Beneficios --><\/p>\n<div style=\"text-align: left; padding: 20px;\">\n<p style=\"font-size: 18px; color: #2e7d32; font-weight: bold;\"><strong>Beneficios:<\/strong><\/p>\n<ul style=\"padding-left: 20px; font-size: 18px; color: #2e7d32;\">\n<li>\u2705 Limpia tu organismo de toxinas<\/li>\n<li>\u2705 Mejora la digesti\u00f3n y el metabolismo<\/li>\n<li>\u2705 Aumenta tus niveles de energ\u00eda<\/li>\n<\/ul>\n<\/div>\n<p><!-- Precio y promoci\u00f3n --><\/p>\n<div style=\"margin-top: 10px;\">\n<p style=\"font-size: 20px; color: black;\"><strong>Precio Regular<\/strong>: <del>$179,900<\/del><\/p>\n<p style=\"font-size: 22px; color: #d32f2f;\"><strong>\u00a1HOY SOLO $129,900!<\/strong><\/p>\n<\/div>\n<\/div>\n<p><!-- Estilos adaptativos para dispositivos m\u00f3viles --><\/p>\n<style>\n    @media (max-width: 768px) {<br \/>        #promoImage {<br \/>            max-width: 100%;<br \/>            height: auto;<br \/>        }<br \/>    }<br \/><\/style>\n<p><img decoding=\"async\" class=\" wp-image-511 aligncenter\" src=\"https:\/\/drfenix.com.co\/wp-content\/uploads\/2025\/01\/Green-and-White-Modern-Skincare-Serum-Amazon-Product-Image-3-1-300x300.png\" alt=\"\" width=\"440\" height=\"440\" srcset=\"https:\/\/drfenix.co\/wp-content\/uploads\/2025\/01\/Green-and-White-Modern-Skincare-Serum-Amazon-Product-Image-3-1-300x300.png 300w, https:\/\/drfenix.co\/wp-content\/uploads\/2025\/01\/Green-and-White-Modern-Skincare-Serum-Amazon-Product-Image-3-1-1024x1024.png 1024w, https:\/\/drfenix.co\/wp-content\/uploads\/2025\/01\/Green-and-White-Modern-Skincare-Serum-Amazon-Product-Image-3-1-150x150.png 150w, https:\/\/drfenix.co\/wp-content\/uploads\/2025\/01\/Green-and-White-Modern-Skincare-Serum-Amazon-Product-Image-3-1-768x768.png 768w, https:\/\/drfenix.co\/wp-content\/uploads\/2025\/01\/Green-and-White-Modern-Skincare-Serum-Amazon-Product-Image-3-1-600x600.png 600w, https:\/\/drfenix.co\/wp-content\/uploads\/2025\/01\/Green-and-White-Modern-Skincare-Serum-Amazon-Product-Image-3-1-100x100.png 100w, https:\/\/drfenix.co\/wp-content\/uploads\/2025\/01\/Green-and-White-Modern-Skincare-Serum-Amazon-Product-Image-3-1.png 1080w\" sizes=\"(max-width: 440px) 100vw, 440px\" \/><\/p>\n<p><!-- Contenedor principal para los beneficios del KIT HOMEOP\u00c1TICO DETOX --><\/p>\n<div style=\"font-family: Arial, sans-serif; max-width: 300px; margin: auto; padding: 20px; text-align: left; line-height: 1.6; background-color: #e8f5e9; border: 2px solid #388E3C; border-radius: 10px;\">\n<p><!-- T\u00edtulo --><\/p>\n<h2 style=\"font-size: 22px; text-align: center; color: #388e3c; margin-bottom: 20px;\">Estos son los beneficios del <strong style=\"color: #e8f5e9; background-color: #388e3c; padding: 2px 5px; position: relative; top: 10px;\">KIT HOMEOP\u00c1TICO DETOX<\/strong><\/h2>\n<p><!-- Lista de beneficios con emoticonos y contorno negro --><\/p>\n<ul style=\"padding-left: 20px; font-size: 16px; color: #388e3c;\">\n<li style=\"margin-bottom: 10px;\"><span style=\"text-shadow: 1px 1px 2px black;\">\ud83c\udf43<\/span> <strong>Desintoxicaci\u00f3n:<\/strong> Limpia tu cuerpo de toxinas y mejora la salud interna. <span style=\"text-shadow: 1px 1px 2px black;\">\ud83e\uddfc<\/span><\/li>\n<li style=\"margin-bottom: 10px;\"><span style=\"text-shadow: 1px 1px 2px black;\">\ud83c\udf3f<\/span> <strong>Metabolismo activo:<\/strong> Ayuda a optimizar tu digesti\u00f3n y metabolismo. <span style=\"text-shadow: 1px 1px 2px black;\">\u26a1<\/span><\/li>\n<li style=\"margin-bottom: 10px;\"><span style=\"text-shadow: 1px 1px 2px black;\">\ud83d\udca7<\/span> <strong>Hidrataci\u00f3n:<\/strong> Incluye una botella reutilizable para mantenerte hidratado. <span style=\"text-shadow: 1px 1px 2px black;\">\ud83d\udeb0<\/span><\/li>\n<li style=\"margin-bottom: 10px;\"><span style=\"text-shadow: 1px 1px 2px black;\">\u2695\ufe0f<\/span> <strong>Soporte hep\u00e1tico:<\/strong> Favorece el funcionamiento saludable de tu h\u00edgado. <span style=\"text-shadow: 1px 1px 2px black;\">\ud83d\udee1\ufe0f<\/span><\/li>\n<li style=\"margin-bottom: 10px;\"><span style=\"text-shadow: 1px 1px 2px black;\">\ud83d\udc8a<\/span> <strong>Refuerzo inmune:<\/strong> Apoya tus defensas naturales. <span style=\"text-shadow: 1px 1px 2px black;\">\ud83c\udf1f<\/span><\/li>\n<li style=\"margin-bottom: 10px;\"><span style=\"text-shadow: 1px 1px 2px black;\">\ud83e\uddd8<\/span> <strong>Bienestar integral:<\/strong> Incrementa tu energ\u00eda y vitalidad. <span style=\"text-shadow: 1px 1px 2px black;\">\ud83d\ude0a<\/span><\/li>\n<\/ul>\n<p><!-- Imagen final --><\/p>\n<div style=\"text-align: center; margin-top: 20px;\"><img decoding=\"async\" style=\"width: 100%; max-width: 950px; border-radius: 10px;\" src=\"https:\/\/drfenix.com.co\/wp-content\/uploads\/2025\/01\/Green-Natural-Hello-Spring-Season-Instagram-Post-5.png\" alt=\"KIT HOMEOP\u00c1TICO DETOX\" \/><\/div>\n<\/div>\n<p><!-- Contenedor principal para los s\u00edntomas --><\/p>\n<div style=\"font-family: Arial, sans-serif; max-width: 300px; margin: auto; padding: 20px; text-align: left; line-height: 1.6;\">\n<p><!-- Imagen superior --><\/p>\n<div style=\"text-align: center;\"><img decoding=\"async\" style=\"width: 100%; max-width: 990px;\" src=\"https:\/\/drfenix.com.co\/wp-content\/uploads\/2025\/01\/9-a-4So0M_720x0__1.jpg\" alt=\"KIT HOMEOP\u00c1TICO DETOX\" \/><\/div>\n<p><!-- Texto de s\u00edntomas --><\/p>\n<h3 style=\"font-size: 22px; font-weight: bold; color: #388e3c; text-align: center; text-shadow: 1px 1px 2px black;\">\u26a0\ufe0f \u00a1Atenci\u00f3n! Se\u00f1ales de que necesitas desintoxicar tu cuerpo:<\/h3>\n<p><!-- Lista de s\u00edntomas con emoticonos --><\/p>\n<ul style=\"padding-left: 20px; font-size: 18px; color: #000;\">\n<li style=\"margin-bottom: 10px;\">\ud83c\udf43 <strong style=\"color: #388e3c;\">Fatiga constante<\/strong> o sensaci\u00f3n de agotamiento sin raz\u00f3n aparente.<\/li>\n<li style=\"margin-bottom: 10px;\">\ud83c\udf3f <strong style=\"color: #388e3c;\">Problemas digestivos:<\/strong> Hinchaz\u00f3n, gases o malestar estomacal.<\/li>\n<li style=\"margin-bottom: 10px;\">\ud83d\udca7 <strong style=\"color: #388e3c;\">Piel apagada<\/strong> o con brotes frecuentes.<\/li>\n<li style=\"margin-bottom: 10px;\">\ud83d\udc8a <strong style=\"color: #388e3c;\">Baja inmunidad:<\/strong> Enfermedades recurrentes o resfriados frecuentes.<\/li>\n<li style=\"margin-bottom: 10px;\">\ud83e\uddd8 <strong style=\"color: #388e3c;\">Estr\u00e9s y falta de concentraci\u00f3n:<\/strong> Dificultad para relajarte o enfocarte.<\/li>\n<li style=\"margin-bottom: 10px;\">\ud83e\udd64 <strong style=\"color: #388e3c;\">Desequilibrios metab\u00f3licos:<\/strong> Retenci\u00f3n de l\u00edquidos o dificultad para perder peso.<\/li>\n<\/ul>\n<p><!-- Imagen inferior --><\/p>\n<div style=\"text-align: center; margin-top: 20px;\"><img decoding=\"async\" style=\"width: 100%; max-width: 950px;\" src=\"https:\/\/drfenix.com.co\/wp-content\/uploads\/2025\/01\/ee2e81f125b94f55b708d7a09bc4d9e5.jpg\" alt=\"KIT HOMEOP\u00c1TICO DETOX\" \/><\/div>\n<\/div>\n<p><!-- Contenedor principal para la publicidad del producto --><\/p>\n<div style=\"font-family: Arial, sans-serif; max-width: 900px; margin: auto; padding: 20px;\">\n<p><!-- Secci\u00f3n superior con imagen del producto y texto --><\/p>\n<div style=\"display: flex; justify-content: space-around; align-items: center; flex-wrap: wrap;\">\n<p><!-- Imagen del producto --><\/p>\n<div style=\"text-align: center;\"><img decoding=\"async\" style=\"width: 100%; max-width: 400px; border-radius: 10px;\" src=\"https:\/\/drfenix.com.co\/wp-content\/uploads\/2025\/01\/Agregar-un-titulo-Photoroom.jpg\" alt=\"KIT HOMEOP\u00c1TICO DETOX\" \/><br \/>\n<img decoding=\"async\" style=\"width: 120px; margin-top: 10px;\" src=\"https:\/\/drfenix.com.co\/wp-content\/uploads\/2024\/10\/Invima-logo.jpg\" alt=\"Invima\" \/><\/div>\n<p><!-- Texto Publicitario --><\/p>\n<div style=\"max-width: 500px; text-align: justify;\">\n<p style=\"font-size: 18px; color: #000;\">Nuestro <strong style=\"color: #388e3c;\">KIT HOMEOP\u00c1TICO DETOX<\/strong> est\u00e1 dise\u00f1ado para desintoxicar tu cuerpo, mejorar tu metabolismo y apoyar tu bienestar general. Con una f\u00f3rmula natural y efectiva, ayuda a eliminar toxinas y recuperar tu vitalidad.<\/p>\n<\/div>\n<\/div>\n<p><!-- Secci\u00f3n media con dos columnas de texto --><\/p>\n<div style=\"display: flex; justify-content: space-around; margin-top: 40px; flex-wrap: wrap;\">\n<div style=\"text-align: center; max-width: 400px;\">\n<h3 style=\"color: black;\">Elimina <strong style=\"color: #388e3c;\">toxinas de tu cuerpo<\/strong><\/h3>\n<p style=\"font-size: 16px; color: #000;\">Limpia tu organismo con una f\u00f3rmula que promueve una digesti\u00f3n saludable y un equilibrio metab\u00f3lico.<\/p>\n<\/div>\n<div style=\"text-align: center; max-width: 400px;\">\n<h3 style=\"color: black;\">Incrementa tu <strong style=\"color: #388e3c;\">energ\u00eda y vitalidad<\/strong><\/h3>\n<p style=\"font-size: 16px; color: #000;\">Recupera tu energ\u00eda con un tratamiento homeop\u00e1tico ideal para mantenerte activo y saludable.<\/p>\n<\/div>\n<\/div>\n<p><!-- Secci\u00f3n inferior con imagen y bot\u00f3n de compra --><\/p>\n<div style=\"text-align: center; margin-top: 30px;\">\n<p><img decoding=\"async\" style=\"width: 100%; max-width: 400px; border: 5px solid #388E3C; border-radius: 10px;\" src=\"https:\/\/drfenix.com.co\/wp-content\/uploads\/2025\/01\/ee2e81f125b94f55b708d7a09bc4d9e5.jpg\" alt=\"KIT HOMEOP\u00c1TICO DETOX\" \/><\/p>\n<p><!-- Bot\u00f3n m\u00e1s llamativo y animado que redirige a WhatsApp --><br \/>\n<a href=\"https:\/\/wa.me\/573124731190?text=Hola,%20quiero%20comprar%20la%20promoci\u00f3n%20del%20KIT%20HOMEOP\u00c1TICO%20DETOX%20por%20$129,900.%20\u00bfC\u00f3mo%20podemos%20coordinar%20el%20pedido?\" target=\"_blank\" rel=\"noopener\"><br \/>\n<button class=\"animated-button\" style=\"background-color: #388e3c; color: white; font-size: 20px; padding: 15px 40px; border: none; border-radius: 10px; margin-top: 15px; cursor: pointer; font-weight: bold; position: relative; overflow: hidden;\"><br \/>\n\u00a1Compra Ahora!<br \/>\n<span style=\"font-size: 14px;\">Env\u00edo gratis + Paga al recibir<\/span><br \/>\n<\/button><br \/>\n<\/a><\/p>\n<p style=\"font-size: 14px; color: #388e3c; margin-top: 10px;\">F\u00f3rmula <strong>Natural<\/strong> \ud83c\udf3f, sin efectos secundarios<\/p>\n<p style=\"font-size: 16px; color: black;\">Nuestro kit homeop\u00e1tico es tu aliado para un cuerpo saludable y equilibrado.<\/p>\n<\/div>\n<\/div>\n<p><!-- Estilos para el bot\u00f3n animado --><\/p>\n<style>\n.animated-button {<br \/>    background-color: #388E3C; \/* Color verde salud *\/<br \/>    color: white;<br \/>    padding: 15px 40px;<br \/>    border: none;<br \/>    border-radius: 10px;<br \/>    font-size: 20px;<br \/>    font-weight: bold;<br \/>    position: relative;<br \/>    overflow: hidden;<br \/>    transition: background-color 0.4s, transform 0.3s ease;<br \/>}<\/p>\n<p>.animated-button::before {<br \/>    content: \"\";<br \/>    position: absolute;<br \/>    top: 50%;<br \/>    left: 50%;<br \/>    width: 300%;<br \/>    height: 300%;<br \/>    background: rgba(255, 255, 255, 0.3);<br \/>    transition: all 0.5s ease;<br \/>    transform: translate(-50%, -50%) scale(0);<br \/>    border-radius: 50%;<br \/>}<\/p>\n<p>.animated-button:hover::before {<br \/>    transform: translate(-50%, -50%) scale(1);<br \/>}<\/p>\n<p>.animated-button:hover {<br \/>    background-color: #2E7D32; \/* Color verde oscuro *\/<br \/>    transform: scale(1.1); \/* Efecto de agrandamiento *\/<br \/>    box-shadow: 0 10px 25px rgba(0, 0, 0, 0.3); \/* Sombra para resaltar *\/<br \/>}<\/p>\n<p>.animated-button:hover span {<br \/>    font-size: 16px;<br \/>    color: white;<br \/>}<br \/><\/style>\n<div style=\"width: 1080px;\" class=\"wp-video\"><video class=\"wp-video-shortcode\" id=\"video-257-1\" width=\"1080\" height=\"1920\" poster=\"https:\/\/drfenix.com.co\/wp-content\/uploads\/2025\/01\/VIDEO-DR-FENIX-HOMEOPATIA-mp4-image.jpg\" preload=\"metadata\" controls=\"controls\"><source type=\"video\/mp4\" src=\"https:\/\/drfenix.com.co\/wp-content\/uploads\/2025\/01\/VIDEO-DR-FENIX-HOMEOPATIA.mp4?_=1\" \/><a href=\"https:\/\/drfenix.com.co\/wp-content\/uploads\/2025\/01\/VIDEO-DR-FENIX-HOMEOPATIA.mp4\">https:\/\/drfenix.com.co\/wp-content\/uploads\/2025\/01\/VIDEO-DR-FENIX-HOMEOPATIA.mp4<\/a><\/video><\/div>\n<div style=\"background-color: #e8f5e9; padding: 30px; font-family: Arial, sans-serif; max-width: 700px; margin: auto; border-radius: 20px; border: 3px solid #388E3C; box-shadow: 5px 5px 15px rgba(0, 0, 0, 0.2);\">\n<h1 style=\"font-size: 30px; text-align: center; color: #ffffff; background-color: #388e3c; padding: 15px; border-radius: 10px; text-transform: uppercase; letter-spacing: 2px;\">KIT HOMEOP\u00c1TICO DETOX<\/h1>\n<p style=\"font-size: 18px; text-align: center; color: #2e7d32; margin-top: 20px;\">\u00a1Desintoxica tu cuerpo y mejora tu salud con el <strong style=\"color: #388e3c;\">KIT HOMEOP\u00c1TICO DETOX!<\/strong><\/p>\n<p><!-- Estrellas con contorno negro --><\/p>\n<p style=\"font-size: 18px; text-align: center; color: #555;\"><span style=\"color: gold; text-shadow: 1px 1px 2px black;\">\u2b50\u2b50\u2b50\u2b50\u2b50<\/span> <strong>4.9\/5.0<\/strong><\/p>\n<div style=\"text-align: center; font-size: 48px; color: #ffffff; font-weight: bold; margin: 30px 0; padding: 15px 0; background-color: #388e3c; border-radius: 15px; border: 3px solid #2E7D32; box-shadow: 5px 5px 10px rgba(0, 0, 0, 0.3);\">\u00a1 $129.900!<\/div>\n<p style=\"text-align: center; font-size: 20px; color: #388e3c; font-weight: bold;\">Antes $179.900<\/p>\n<div style=\"text-align: center;\"><!-- Bot\u00f3n de \"Realizar Pedido\" con enlace a WhatsApp --><br \/>\n<button style=\"background-color: #388e3c; color: #fff; border: none; padding: 20px 50px; font-size: 22px; cursor: pointer; border-radius: 15px; box-shadow: 5px 5px 15px rgba(0, 0, 0, 0.2); text-transform: uppercase; animation: bounce 2s infinite;\"><br \/>\nRealizar Pedido<br \/>\n<span style=\"font-size: 16px;\">Env\u00edo gratis + Paga al recibir<\/span><br \/>\n<\/button><\/p>\n<p style=\"font-size: 14px; color: #2e7d32; margin-top: 10px;\">Env\u00edo gratis + Pago al recibir<\/p>\n<\/div>\n<ul style=\"list-style: none; padding: 25px 0; margin: 30px 0; border-top: 3px solid #388E3C; font-size: 22px; font-weight: bold;\">\n<li style=\"color: #2e7d32; margin-bottom: 20px;\">\u2714\ufe0f <span style=\"font-size: 26px;\">Limpia tu organismo de toxinas<\/span><\/li>\n<li style=\"color: #2e7d32; margin-bottom: 20px;\">\u2714\ufe0f <span style=\"font-size: 26px;\">Mejora tu digesti\u00f3n y metabolismo<\/span><\/li>\n<li style=\"color: #2e7d32; margin-bottom: 20px;\">\u2714\ufe0f <span style=\"font-size: 26px;\">Aumenta tu energ\u00eda y vitalidad<\/span><\/li>\n<li style=\"color: #2e7d32; margin-bottom: 20px;\">\u2714\ufe0f <span style=\"font-size: 26px;\">F\u00f3rmula natural y efectiva<\/span><\/li>\n<\/ul>\n<div style=\"display: flex; justify-content: space-between; text-align: center; border-top: 3px solid #388E3C; padding-top: 25px; margin-top: 30px;\">\n<div>\n<p style=\"font-size: 20px; color: #2e7d32; font-weight: bold;\"><strong>+1.500<\/strong><br \/>\nVentas concretadas<\/p>\n<\/div>\n<div>\n<p style=\"font-size: 20px; color: #2e7d32; font-weight: bold;\">Brinda<br \/>\nexcelente atenci\u00f3n<\/p>\n<\/div>\n<div>\n<p style=\"font-size: 20px; color: #2e7d32; font-weight: bold;\">Entrega<br \/>\npuntual<\/p>\n<\/div>\n<\/div>\n<div style=\"background-color: #388e3c; color: #ffffff; text-align: center; padding: 15px; border-radius: 10px; margin-top: 30px; font-weight: bold; border: 3px solid #E8F5E9; box-shadow: 5px 5px 15px rgba(0, 0, 0, 0.3);\"><strong>\u00a1AP\u00daRATE!<\/strong><br \/>\nSOLO 12 DISPONIBLES<\/div>\n<p><!-- Secci\u00f3n de M\u00e9todos de Pago --><\/p>\n<div style=\"background-color: #ffffff; padding: 20px; font-family: Arial, sans-serif; max-width: 700px; margin: auto; border-radius: 10px; border: 2px solid #388E3C;\">\n<p><!-- Secci\u00f3n de Disponibilidad --><\/p>\n<div style=\"display: flex; align-items: center; background-color: #e8f5e9; border-radius: 8px; padding: 10px;\"><button style=\"background-color: #388e3c; color: white; padding: 8px 15px; border: none; border-radius: 5px; font-size: 16px; margin-right: 15px;\"><br \/>\n\u26a1 AP\u00daRATE<br \/>\n<\/button><br \/>\n<span style=\"font-size: 16px; color: #388e3c;\">SOLO 12 DISPONIBLES<\/span><\/div>\n<p><!-- Barra de Progreso --><\/p>\n<div style=\"width: 100%; height: 15px; background-color: #ffffff; border-radius: 8px; margin-top: 10px; border: 1px solid #388E3C;\">\n<div id=\"progress-bar\" style=\"width: 0%; height: 100%; background-color: #388e3c; border-radius: 8px;\"><\/div>\n<\/div>\n<p><!-- M\u00e9todos de Pago --><\/p>\n<div style=\"text-align: center; margin-top: 20px;\"><img decoding=\"async\" style=\"max-width: 80px; margin: 10px;\" src=\"https:\/\/drfenix.com.co\/wp-content\/uploads\/2024\/09\/2036896.png\" alt=\"Pago Contra Entrega\" \/><br \/>\n<img decoding=\"async\" style=\"max-width: 80px; margin: 10px;\" src=\"https:\/\/drfenix.com.co\/wp-content\/uploads\/2024\/09\/nequi-logo-58FBE82BA6-seeklogo.com_.png\" alt=\"Nequi\" \/><br \/>\n<img decoding=\"async\" style=\"max-width: 80px; margin: 10px;\" src=\"https:\/\/drfenix.com.co\/wp-content\/uploads\/2024\/09\/b8cdc1ad498fe080bc21bb5a03c24f83.png\" alt=\"Bancolombia\" \/><br \/>\n<img decoding=\"async\" style=\"max-width: 80px; margin: 10px;\" src=\"https:\/\/drfenix.com.co\/wp-content\/uploads\/2024\/09\/images.png\" alt=\"Daviplata\" \/><br \/>\n<img decoding=\"async\" style=\"max-width: 80px; margin: 10px;\" src=\"https:\/\/drfenix.com.co\/wp-content\/uploads\/2024\/09\/file-mastercard-logo-svg-wikimedia-commons-4.png\" alt=\"Mastercard\" \/><br \/>\n<img decoding=\"async\" style=\"max-width: 80px; margin: 10px;\" src=\"https:\/\/drfenix.com.co\/wp-content\/uploads\/2024\/09\/217425.png\" alt=\"Visa\" \/><\/div>\n<\/div>\n<\/div>\n","protected":false},"excerpt":{"rendered":"<p>\u00a1Purifica tu cuerpo con el KIT DETOX! Desintoxica tu organismo con nuestro KIT HOMEOP\u00c1TICO DETOX, compuesto por 3 goteros y&#8230;<\/p>\n","protected":false},"featured_media":493,"comment_status":"open","ping_status":"closed","template":"","meta":{"site-sidebar-layout":"default","site-content-layout":"","ast-site-content-layout":"default","site-content-style":"default","site-sidebar-style":"default","ast-global-header-display":"","ast-banner-title-visibility":"","ast-main-header-display":"","ast-hfb-above-header-display":"","ast-hfb-below-header-display":"","ast-hfb-mobile-header-display":"","site-post-title":"","ast-breadcrumbs-content":"","ast-featured-img":"","footer-sml-layout":"","theme-transparent-header-meta":"default","adv-header-id-meta":"","stick-header-meta":"","header-above-stick-meta":"","header-main-stick-meta":"","header-below-stick-meta":"","astra-migrate-meta-layouts":"set","ast-page-background-enabled":"default","ast-page-background-meta":{"desktop":{"background-color":"var(--ast-global-color-4)","background-image":"","background-repeat":"repeat","background-position":"center center","background-size":"auto","background-attachment":"scroll","background-type":"","background-media":"","overlay-type":"","overlay-color":"","overlay-opacity":"","overlay-gradient":""},"tablet":{"background-color":"","background-image":"","background-repeat":"repeat","background-position":"center center","background-size":"auto","background-attachment":"scroll","background-type":"","background-media":"","overlay-type":"","overlay-color":"","overlay-opacity":"","overlay-gradient":""},"mobile":{"background-color":"","background-image":"","background-repeat":"repeat","background-position":"center center","background-size":"auto","background-attachment":"scroll","background-type":"","background-media":"","overlay-type":"","overlay-color":"","overlay-opacity":"","overlay-gradient":""}},"ast-content-background-meta":{"desktop":{"background-color":"var(--ast-global-color-5)","background-image":"","background-repeat":"repeat","background-position":"center center","background-size":"auto","background-attachment":"scroll","background-type":"","background-media":"","overlay-type":"","overlay-color":"","overlay-opacity":"","overlay-gradient":""},"tablet":{"background-color":"var(--ast-global-color-5)","background-image":"","background-repeat":"repeat","background-position":"center center","background-size":"auto","background-attachment":"scroll","background-type":"","background-media":"","overlay-type":"","overlay-color":"","overlay-opacity":"","overlay-gradient":""},"mobile":{"background-color":"var(--ast-global-color-5)","background-image":"","background-repeat":"repeat","background-position":"center center","background-size":"auto","background-attachment":"scroll","background-type":"","background-media":"","overlay-type":"","overlay-color":"","overlay-opacity":"","overlay-gradient":""}},"_joinchat":[]},"product_cat":[15],"product_tag":[],"class_list":{"0":"post-257","1":"product","2":"type-product","3":"status-publish","4":"has-post-thumbnail","6":"product_cat-sin-categorizar","7":"desktop-align-left","8":"tablet-align-left","9":"mobile-align-left","11":"first","12":"instock","13":"shipping-taxable","14":"product-type-simple"},"_links":{"self":[{"href":"https:\/\/drfenix.co\/index.php\/wp-json\/wp\/v2\/product\/257","targetHints":{"allow":["GET"]}}],"collection":[{"href":"https:\/\/drfenix.co\/index.php\/wp-json\/wp\/v2\/product"}],"about":[{"href":"https:\/\/drfenix.co\/index.php\/wp-json\/wp\/v2\/types\/product"}],"replies":[{"embeddable":true,"href":"https:\/\/drfenix.co\/index.php\/wp-json\/wp\/v2\/comments?post=257"}],"wp:featuredmedia":[{"embeddable":true,"href":"https:\/\/drfenix.co\/index.php\/wp-json\/wp\/v2\/media\/493"}],"wp:attachment":[{"href":"https:\/\/drfenix.co\/index.php\/wp-json\/wp\/v2\/media?parent=257"}],"wp:term":[{"taxonomy":"product_cat","embeddable":true,"href":"https:\/\/drfenix.co\/index.php\/wp-json\/wp\/v2\/product_cat?post=257"},{"taxonomy":"product_tag","embeddable":true,"href":"https:\/\/drfenix.co\/index.php\/wp-json\/wp\/v2\/product_tag?post=257"}],"curies":[{"name":"wp","href":"https:\/\/api.w.org\/{rel}","templated":true}]}}